{"id":18416,"date":"2022-01-28T13:46:59","date_gmt":"2022-01-28T13:46:59","guid":{"rendered":"https:\/\/sefareva.com\/tema1\/?page_id=18416"},"modified":"2026-04-13T23:00:51","modified_gmt":"2026-04-13T23:00:51","slug":"nosotros","status":"publish","type":"page","link":"https:\/\/www.sefareva.com\/nosotros\/","title":{"rendered":"Nosotros"},"content":{"rendered":"\t\t<div data-elementor-type=\"wp-page\" data-elementor-id=\"18416\" class=\"elementor elementor-18416\">\n\t\t\t\t\t\t<section class=\"elementor-section elementor-top-section elementor-element elementor-element-3e98b69 elementor-section-boxed elementor-section-height-default elementor-section-height-default sc_fly_static\" data-id=\"3e98b69\" data-element_type=\"section\" data-settings=\"{&quot;background_background&quot;:&quot;classic&quot;}\">\n\t\t\t\t\t\t<div class=\"elementor-container elementor-column-gap-extended\">\n\t\t\t\t\t<div class=\"elementor-column elementor-col-100 elementor-top-column elementor-element elementor-element-6099e05 sc_content_align_inherit sc_layouts_column_icons_position_left sc_fly_static\" data-id=\"6099e05\" data-element_type=\"column\">\n\t\t\t<div class=\"elementor-widget-wrap elementor-element-populated\">\n\t\t\t\t\t\t<div class=\"elementor-element elementor-element-7f1662e sc_fly_static elementor-widget elementor-widget-heading\" data-id=\"7f1662e\" data-element_type=\"widget\" data-widget_type=\"heading.default\">\n\t\t\t\t<div class=\"elementor-widget-container\">\n\t\t\t\t\t<h2 class=\"elementor-heading-title elementor-size-default\">Transformamos la experiencia en estrategia, y la estrategia en certeza fiscal<\/h2>\t\t\t\t<\/div>\n\t\t\t\t<\/div>\n\t\t\t\t<div class=\"elementor-element elementor-element-e3c041b sc_fly_static elementor-widget elementor-widget-spacer\" data-id=\"e3c041b\" data-element_type=\"widget\" data-widget_type=\"spacer.default\">\n\t\t\t\t<div class=\"elementor-widget-container\">\n\t\t\t\t\t\t\t<div class=\"elementor-spacer\">\n\t\t\t<div class=\"elementor-spacer-inner\"><\/div>\n\t\t<\/div>\n\t\t\t\t\t\t<\/div>\n\t\t\t\t<\/div>\n\t\t\t\t<section data-animation-type=\"block\" class=\"elementor-section elementor-inner-section elementor-element elementor-element-5c34010 elementor-section-boxed elementor-section-height-default elementor-section-height-default animation_type_block sc_fly_static elementor-invisible\" data-id=\"5c34010\" data-element_type=\"section\" data-settings=\"{&quot;animation&quot;:&quot;fadeInUp&quot;}\">\n\t\t\t\t\t\t<div class=\"elementor-container elementor-column-gap-extended\">\n\t\t\t\t\t<div class=\"elementor-column elementor-col-50 elementor-inner-column elementor-element elementor-element-30b6e85 sc_content_align_inherit sc_layouts_column_icons_position_left sc_fly_static\" data-id=\"30b6e85\" data-element_type=\"column\">\n\t\t\t<div class=\"elementor-widget-wrap elementor-element-populated\">\n\t\t\t\t\t\t<div class=\"elementor-element elementor-element-72a0cce sc_fly_static elementor-widget elementor-widget-spacer\" data-id=\"72a0cce\" data-element_type=\"widget\" data-widget_type=\"spacer.default\">\n\t\t\t\t<div class=\"elementor-widget-container\">\n\t\t\t\t\t\t\t<div class=\"elementor-spacer\">\n\t\t\t<div class=\"elementor-spacer-inner\"><\/div>\n\t\t<\/div>\n\t\t\t\t\t\t<\/div>\n\t\t\t\t<\/div>\n\t\t\t\t<div class=\"elementor-element elementor-element-094658f sc_fly_static elementor-widget elementor-widget-text-editor\" data-id=\"094658f\" data-element_type=\"widget\" data-widget_type=\"text-editor.default\">\n\t\t\t\t<div class=\"elementor-widget-container\">\n\t\t\t\t\t\t\t\t\t<p>Contamos con <strong>m\u00e1s de 25 a\u00f1os de experiencia en materia fiscal y de comercio exterior<\/strong>, as\u00ed como en defensa administrativa y penal, lo que nos permite ayudar a nuestros clientes a fortalecer su estructura fiscal, contable y documental a trav\u00e9s del Modelo REVA\u00ae, una metodolog\u00eda dif\u00edcil de replicar que reproduce la l\u00f3gica t\u00e9cnica de los procesos de fiscalizaci\u00f3n, anticipa riesgos relevantes, contribuye a su mitigaci\u00f3n y fortalece un cumplimiento fiscal s\u00f3lido.<\/p>\t\t\t\t\t\t\t\t<\/div>\n\t\t\t\t<\/div>\n\t\t\t\t\t<\/div>\n\t\t<\/div>\n\t\t\t\t<div class=\"elementor-column elementor-col-50 elementor-inner-column elementor-element elementor-element-a896e68 sc_content_align_inherit sc_layouts_column_icons_position_left sc_fly_static\" data-id=\"a896e68\" data-element_type=\"column\">\n\t\t\t<div class=\"elementor-widget-wrap elementor-element-populated\">\n\t\t\t\t\t\t<div class=\"elementor-element elementor-element-5efc493 sc_fly_static elementor-widget elementor-widget-image\" data-id=\"5efc493\" data-element_type=\"widget\" data-widget_type=\"image.default\">\n\t\t\t\t<div class=\"elementor-widget-container\">\n\t\t\t\t\t\t\t\t\t\t\t\t\t\t\t<img decoding=\"async\" src=\"https:\/\/sefareva.com\/wp-content\/uploads\/2025\/11\/a-portrait-of-a-smiling-businesswoman-in-formal-su-2025-10-15-04-42-18-utc-630x630.jpg\" title=\"a-portrait-of-a-smiling-businesswoman-in-formal-su-2025-10-15-04-42-18-utc\" alt=\"a-portrait-of-a-smiling-businesswoman-in-formal-su-2025-10-15-04-42-18-utc\" loading=\"lazy\" \/>\t\t\t\t\t\t\t\t\t\t\t\t\t\t\t<\/div>\n\t\t\t\t<\/div>\n\t\t\t\t\t<\/div>\n\t\t<\/div>\n\t\t\t\t\t<\/div>\n\t\t<\/section>\n\t\t\t\t<div class=\"elementor-element elementor-element-7e2ba4f sc_height_huge sc_fly_static elementor-widget elementor-widget-spacer\" data-id=\"7e2ba4f\" data-element_type=\"widget\" data-widget_type=\"spacer.default\">\n\t\t\t\t<div class=\"elementor-widget-container\">\n\t\t\t\t\t\t\t<div class=\"elementor-spacer\">\n\t\t\t<div class=\"elementor-spacer-inner\"><\/div>\n\t\t<\/div>\n\t\t\t\t\t\t<\/div>\n\t\t\t\t<\/div>\n\t\t\t\t\t<\/div>\n\t\t<\/div>\n\t\t\t\t\t<\/div>\n\t\t<\/section>\n\t\t\t\t<section data-animation-type=\"block\" class=\"elementor-section elementor-top-section elementor-element elementor-element-d3d3d8d elementor-section-content-middle elementor-section-boxed elementor-section-height-default elementor-section-height-default animation_type_block sc_fly_static elementor-invisible\" data-id=\"d3d3d8d\" data-element_type=\"section\" data-settings=\"{&quot;animation&quot;:&quot;fadeInLeft&quot;}\">\n\t\t\t\t\t\t<div class=\"elementor-container elementor-column-gap-extended\">\n\t\t\t\t\t<div class=\"elementor-column elementor-col-100 elementor-top-column elementor-element elementor-element-1c6d337 sc_content_align_inherit sc_layouts_column_icons_position_left sc_fly_static\" data-id=\"1c6d337\" data-element_type=\"column\">\n\t\t\t<div class=\"elementor-widget-wrap elementor-element-populated\">\n\t\t\t\t\t\t<div class=\"elementor-element elementor-element-2e22494 sc_fly_static elementor-widget elementor-widget-trx_sc_title\" data-id=\"2e22494\" data-element_type=\"widget\" data-widget_type=\"trx_sc_title.default\">\n\t\t\t\t<div class=\"elementor-widget-container\">\n\t\t\t\t\t<div\t\tclass=\"sc_title sc_title_default\" ><span class=\"sc_item_subtitle sc_title_subtitle sc_align_center sc_item_subtitle_above sc_item_title_style_default\">El \u00e9xito del Modelo REVA\u00ae <\/span><h1 class=\"sc_item_title sc_title_title sc_align_center sc_item_title_style_default sc_item_title_tag\"\n\t\t\t><span class=\"sc_item_title_text\">Se debe a la combinaci\u00f3n de experiencia, metodolog\u00eda y precisi\u00f3n t\u00e9cnica.<\/span><\/h1><\/div>\t\t\t\t<\/div>\n\t\t\t\t<\/div>\n\t\t\t\t<div class=\"elementor-element elementor-element-975a0ab sc_height_huge sc_fly_static elementor-widget elementor-widget-spacer\" data-id=\"975a0ab\" data-element_type=\"widget\" data-widget_type=\"spacer.default\">\n\t\t\t\t<div class=\"elementor-widget-container\">\n\t\t\t\t\t\t\t<div class=\"elementor-spacer\">\n\t\t\t<div class=\"elementor-spacer-inner\"><\/div>\n\t\t<\/div>\n\t\t\t\t\t\t<\/div>\n\t\t\t\t<\/div>\n\t\t\t\t<section class=\"elementor-section elementor-inner-section elementor-element elementor-element-b524d62 elementor-section-boxed elementor-section-height-default elementor-section-height-default sc_fly_static\" data-id=\"b524d62\" data-element_type=\"section\">\n\t\t\t\t\t\t<div class=\"elementor-container elementor-column-gap-extended\">\n\t\t\t\t\t<div class=\"elementor-column elementor-col-50 elementor-inner-column elementor-element elementor-element-e82876b sc_content_align_inherit sc_layouts_column_icons_position_left sc_fly_static\" data-id=\"e82876b\" data-element_type=\"column\">\n\t\t\t<div class=\"elementor-widget-wrap elementor-element-populated\">\n\t\t\t\t\t\t<div class=\"elementor-element elementor-element-aac3dbc no-title sc_fly_static elementor-widget elementor-widget-image\" data-id=\"aac3dbc\" data-element_type=\"widget\" data-widget_type=\"image.default\">\n\t\t\t\t<div class=\"elementor-widget-container\">\n\t\t\t\t\t\t\t\t\t\t\t\t\t\t\t<img decoding=\"async\" src=\"https:\/\/sefareva.com\/wp-content\/uploads\/elementor\/thumbs\/multiracial-business-people-working-together-insid-2025-09-30-19-29-37-utc-scaled-reu0cvrro073gon2yzp9hkf14vz4hwown411474r52.jpg\" title=\"Multiracial business people working together inside modern offic\" alt=\"Multiracial business people working together inside modern office sharing ideas - Multi generational colleagues and entrepreneur concept\" loading=\"lazy\" \/>\t\t\t\t\t\t\t\t\t\t\t\t\t\t\t<\/div>\n\t\t\t\t<\/div>\n\t\t\t\t\t<\/div>\n\t\t<\/div>\n\t\t\t\t<div class=\"elementor-column elementor-col-50 elementor-inner-column elementor-element elementor-element-e28f0c2 sc_content_align_inherit sc_layouts_column_icons_position_left sc_fly_static\" data-id=\"e28f0c2\" data-element_type=\"column\">\n\t\t\t<div class=\"elementor-widget-wrap elementor-element-populated\">\n\t\t\t\t\t\t<div class=\"elementor-element elementor-element-e7fb889 sc_fly_static elementor-widget elementor-widget-trx_sc_title\" data-id=\"e7fb889\" data-element_type=\"widget\" data-widget_type=\"trx_sc_title.default\">\n\t\t\t\t<div class=\"elementor-widget-container\">\n\t\t\t\t\t<div\t\tclass=\"sc_title sc_title_default\" ><span class=\"sc_item_subtitle sc_title_subtitle sc_item_subtitle_above sc_item_title_style_default\">SEFAREVA<\/span><h3 class=\"sc_item_title sc_title_title sc_item_title_style_default sc_item_title_tag\"\n\t\t\t><span class=\"sc_item_title_text\">Nuestro equipo est\u00e1 conformado por abogados, contadores, licenciados en comercio exterior y en finanzas de alto nivel, con expertise fiscal y aduanero, adem\u00e1s una amplia trayectoria en auditor\u00edas y procesos de verificaci\u00f3n.<\/span><\/h3><div class=\"sc_item_descr sc_title_descr\"><p>Nuestra consultor\u00eda surge de la necesidad de que cada cliente cuente con control, trazabilidad y respaldo t\u00e9cnico antes de enfrentar cualquier proceso de revisi\u00f3n o verificaci\u00f3n.<\/p>\n<p>El Modelo REVA\u00ae identifica omisiones, vulnerabilidades y \u00e1reas de mejora fiscal, bajo un enfoque t\u00e9cnico y preventivo, dise\u00f1ado a partir de los criterios y metodolog\u00edas que rigen las revisiones oficiales.<\/p>\n<\/div><\/div>\t\t\t\t<\/div>\n\t\t\t\t<\/div>\n\t\t\t\t\t<\/div>\n\t\t<\/div>\n\t\t\t\t\t<\/div>\n\t\t<\/section>\n\t\t\t\t<div class=\"elementor-element elementor-element-82fa8ee sc_height_huge sc_fly_static elementor-widget elementor-widget-spacer\" data-id=\"82fa8ee\" data-element_type=\"widget\" data-widget_type=\"spacer.default\">\n\t\t\t\t<div class=\"elementor-widget-container\">\n\t\t\t\t\t\t\t<div class=\"elementor-spacer\">\n\t\t\t<div class=\"elementor-spacer-inner\"><\/div>\n\t\t<\/div>\n\t\t\t\t\t\t<\/div>\n\t\t\t\t<\/div>\n\t\t\t\t\t<\/div>\n\t\t<\/div>\n\t\t\t\t\t<\/div>\n\t\t<\/section>\n\t\t\t\t<section data-animation-type=\"block\" class=\"elementor-section elementor-top-section elementor-element elementor-element-9d41084 elementor-section-content-middle elementor-section-boxed elementor-section-height-default elementor-section-height-default animation_type_block sc_fly_static elementor-invisible\" data-id=\"9d41084\" data-element_type=\"section\" data-settings=\"{&quot;animation&quot;:&quot;fadeInRight&quot;}\">\n\t\t\t\t\t\t<div class=\"elementor-container elementor-column-gap-extended\">\n\t\t\t\t\t<div class=\"elementor-column elementor-col-100 elementor-top-column elementor-element elementor-element-b5a1c88 sc_content_align_inherit sc_layouts_column_icons_position_left sc_fly_static\" data-id=\"b5a1c88\" data-element_type=\"column\">\n\t\t\t<div class=\"elementor-widget-wrap elementor-element-populated\">\n\t\t\t\t\t\t<div class=\"elementor-element elementor-element-eb4f998 sc_height_huge sc_fly_static elementor-widget elementor-widget-spacer\" data-id=\"eb4f998\" data-element_type=\"widget\" data-widget_type=\"spacer.default\">\n\t\t\t\t<div class=\"elementor-widget-container\">\n\t\t\t\t\t\t\t<div class=\"elementor-spacer\">\n\t\t\t<div class=\"elementor-spacer-inner\"><\/div>\n\t\t<\/div>\n\t\t\t\t\t\t<\/div>\n\t\t\t\t<\/div>\n\t\t\t\t<div class=\"elementor-element elementor-element-9c4c0d8 sc_fly_static elementor-widget elementor-widget-trx_sc_title\" data-id=\"9c4c0d8\" data-element_type=\"widget\" data-widget_type=\"trx_sc_title.default\">\n\t\t\t\t<div class=\"elementor-widget-container\">\n\t\t\t\t\t<div\t\tclass=\"sc_title sc_title_default\" ><h1 class=\"sc_item_title sc_title_title sc_align_center sc_item_title_style_default sc_item_title_tag\"\n\t\t\t><span class=\"sc_item_title_text\">Nuestro compromiso es claro:<\/span><\/h1><\/div>\t\t\t\t<\/div>\n\t\t\t\t<\/div>\n\t\t\t\t<div class=\"elementor-element elementor-element-8fc839f sc_height_small sc_fly_static elementor-widget elementor-widget-spacer\" data-id=\"8fc839f\" data-element_type=\"widget\" data-widget_type=\"spacer.default\">\n\t\t\t\t<div class=\"elementor-widget-container\">\n\t\t\t\t\t\t\t<div class=\"elementor-spacer\">\n\t\t\t<div class=\"elementor-spacer-inner\"><\/div>\n\t\t<\/div>\n\t\t\t\t\t\t<\/div>\n\t\t\t\t<\/div>\n\t\t\t\t<div class=\"elementor-element elementor-element-9444b87 sc_fly_static elementor-widget elementor-widget-text-editor\" data-id=\"9444b87\" data-element_type=\"widget\" data-widget_type=\"text-editor.default\">\n\t\t\t\t<div class=\"elementor-widget-container\">\n\t\t\t\t\t\t\t\t\t<h6>Evaluar, detectar y corregir vulnerabilidades u omisiones fiscales de forma preventiva.<\/h6><h6>Aplicar una metodolog\u00eda estructurada que anticipa posibles contingencias fiscales.<\/h6><h6>Mitigar riesgos financieros y responsabilidades legales.<\/h6><h6 data-start=\"1660\" data-end=\"1741\">Garantizar <strong data-start=\"1671\" data-end=\"1720\">orden, trazabilidad y cumplimiento sostenible<\/strong> en cada operaci\u00f3n.<\/h6>\t\t\t\t\t\t\t\t<\/div>\n\t\t\t\t<\/div>\n\t\t\t\t<div class=\"elementor-element elementor-element-abad8e1 sc_height_huge sc_fly_static elementor-widget elementor-widget-spacer\" data-id=\"abad8e1\" data-element_type=\"widget\" data-widget_type=\"spacer.default\">\n\t\t\t\t<div class=\"elementor-widget-container\">\n\t\t\t\t\t\t\t<div class=\"elementor-spacer\">\n\t\t\t<div class=\"elementor-spacer-inner\"><\/div>\n\t\t<\/div>\n\t\t\t\t\t\t<\/div>\n\t\t\t\t<\/div>\n\t\t\t\t\t<\/div>\n\t\t<\/div>\n\t\t\t\t\t<\/div>\n\t\t<\/section>\n\t\t\t\t<section class=\"elementor-section elementor-top-section elementor-element elementor-element-1741703 elementor-section-boxed elementor-section-height-default elementor-section-height-default sc_fly_static\" data-id=\"1741703\" data-element_type=\"section\">\n\t\t\t\t\t\t<div class=\"elementor-container elementor-column-gap-extended\">\n\t\t\t\t\t<div class=\"elementor-column elementor-col-100 elementor-top-column elementor-element elementor-element-4dae16d sc_content_align_inherit sc_layouts_column_icons_position_left sc_fly_static\" data-id=\"4dae16d\" data-element_type=\"column\">\n\t\t\t<div class=\"elementor-widget-wrap elementor-element-populated\">\n\t\t\t\t\t\t<section data-animation-type=\"block\" class=\"elementor-section elementor-inner-section elementor-element elementor-element-fcce778 scheme_dark elementor-section-boxed elementor-section-height-default elementor-section-height-default animation_type_block sc_fly_static elementor-invisible\" data-id=\"fcce778\" data-element_type=\"section\" data-settings=\"{&quot;background_background&quot;:&quot;classic&quot;,&quot;animation&quot;:&quot;fadeInUp&quot;}\">\n\t\t\t\t\t\t\t<div class=\"elementor-background-overlay\"><\/div>\n\t\t\t\t\t\t\t<div class=\"elementor-container elementor-column-gap-extended\">\n\t\t\t\t\t<div class=\"elementor-column elementor-col-100 elementor-inner-column elementor-element elementor-element-175c10f sc_layouts_column_align_center sc_layouts_column sc_content_align_inherit sc_layouts_column_icons_position_left sc_fly_static\" data-id=\"175c10f\" data-element_type=\"column\">\n\t\t\t<div class=\"elementor-widget-wrap elementor-element-populated\">\n\t\t\t\t\t\t<div class=\"elementor-element elementor-element-6ed5e50 sc_height_small sc_layouts_hide_on_tablet sc_layouts_hide_on_mobile sc_fly_static elementor-widget elementor-widget-spacer\" data-id=\"6ed5e50\" data-element_type=\"widget\" data-widget_type=\"spacer.default\">\n\t\t\t\t<div class=\"elementor-widget-container\">\n\t\t\t\t\t\t\t<div class=\"elementor-spacer\">\n\t\t\t<div class=\"elementor-spacer-inner\"><\/div>\n\t\t<\/div>\n\t\t\t\t\t\t<\/div>\n\t\t\t\t<\/div>\n\t\t\t\t<div class=\"elementor-element elementor-element-a81c03a sc_height_large sc_fly_static elementor-widget elementor-widget-spacer\" data-id=\"a81c03a\" data-element_type=\"widget\" data-widget_type=\"spacer.default\">\n\t\t\t\t<div class=\"elementor-widget-container\">\n\t\t\t\t\t\t\t<div class=\"elementor-spacer\">\n\t\t\t<div class=\"elementor-spacer-inner\"><\/div>\n\t\t<\/div>\n\t\t\t\t\t\t<\/div>\n\t\t\t\t<\/div>\n\t\t\t\t<div class=\"elementor-element elementor-element-7822c17 sc_fly_static elementor-widget elementor-widget-trx_sc_title\" data-id=\"7822c17\" data-element_type=\"widget\" data-widget_type=\"trx_sc_title.default\">\n\t\t\t\t<div class=\"elementor-widget-container\">\n\t\t\t\t\t<div\t\tclass=\"sc_title sc_title_default\" ><span class=\"sc_item_subtitle sc_title_subtitle sc_align_center sc_item_subtitle_above sc_item_title_style_default\">Prevenci\u00f3n, cumplimiento y defensa:<\/span><h3 class=\"sc_item_title sc_title_title sc_align_center sc_item_title_style_default sc_item_title_tag\"\n\t\t\t><span class=\"sc_item_title_text\">Convertimos la experiencia en estrategia, y la estrategia en certeza fiscal para nuestros clientes.<\/span><\/h3><\/div>\t\t\t\t<\/div>\n\t\t\t\t<\/div>\n\t\t\t\t<div class=\"elementor-element elementor-element-57074b0 sc_fly_static elementor-widget elementor-widget-spacer\" data-id=\"57074b0\" data-element_type=\"widget\" data-widget_type=\"spacer.default\">\n\t\t\t\t<div class=\"elementor-widget-container\">\n\t\t\t\t\t\t\t<div class=\"elementor-spacer\">\n\t\t\t<div class=\"elementor-spacer-inner\"><\/div>\n\t\t<\/div>\n\t\t\t\t\t\t<\/div>\n\t\t\t\t<\/div>\n\t\t\t\t<div class=\"elementor-element elementor-element-5569ecf sc_fly_static elementor-widget elementor-widget-trx_sc_button\" data-id=\"5569ecf\" data-element_type=\"widget\" data-widget_type=\"trx_sc_button.default\">\n\t\t\t\t<div class=\"elementor-widget-container\">\n\t\t\t\t\t<div\tclass=\"sc_item_button sc_button_wrap\" ><a href=\"https:\/\/sefareva.com\/tema1\/contacto\/\" class=\"sc_button sc_button_default sc_button_size_normal sc_button_icon_left color_style_link2\" ><span class=\"sc_button_text\"><span class=\"sc_button_title\">Agenda una evaluaci\u00f3n preventiva sin costo<\/span><\/span><\/a><\/div>\t\t\t\t<\/div>\n\t\t\t\t<\/div>\n\t\t\t\t<div class=\"elementor-element elementor-element-d5e03da sc_height_huge sc_fly_static elementor-widget elementor-widget-spacer\" data-id=\"d5e03da\" data-element_type=\"widget\" data-widget_type=\"spacer.default\">\n\t\t\t\t<div class=\"elementor-widget-container\">\n\t\t\t\t\t\t\t<div class=\"elementor-spacer\">\n\t\t\t<div class=\"elementor-spacer-inner\"><\/div>\n\t\t<\/div>\n\t\t\t\t\t\t<\/div>\n\t\t\t\t<\/div>\n\t\t\t\t<div class=\"elementor-element elementor-element-b22df66 sc_height_small sc_layouts_hide_on_tablet sc_layouts_hide_on_mobile sc_fly_static elementor-widget elementor-widget-spacer\" data-id=\"b22df66\" data-element_type=\"widget\" data-widget_type=\"spacer.default\">\n\t\t\t\t<div class=\"elementor-widget-container\">\n\t\t\t\t\t\t\t<div class=\"elementor-spacer\">\n\t\t\t<div class=\"elementor-spacer-inner\"><\/div>\n\t\t<\/div>\n\t\t\t\t\t\t<\/div>\n\t\t\t\t<\/div>\n\t\t\t\t\t<\/div>\n\t\t<\/div>\n\t\t\t\t\t<\/div>\n\t\t<\/section>\n\t\t\t\t\t<\/div>\n\t\t<\/div>\n\t\t\t\t\t<\/div>\n\t\t<\/section>\n\t\t\t\t<\/div>\n\t\t","protected":false},"excerpt":{"rendered":"<p>Transformamos&hellip;<\/p>\n","protected":false},"author":1,"featured_media":0,"parent":0,"menu_order":0,"comment_status":"closed","ping_status":"closed","template":"","meta":{"footnotes":""},"class_list":["post-18416","page","type-page","status-publish","hentry"],"_links":{"self":[{"href":"https:\/\/www.sefareva.com\/wp-json\/wp\/v2\/pages\/18416","targetHints":{"allow":["GET"]}}],"collection":[{"href":"https:\/\/www.sefareva.com\/wp-json\/wp\/v2\/pages"}],"about":[{"href":"https:\/\/www.sefareva.com\/wp-json\/wp\/v2\/types\/page"}],"author":[{"embeddable":true,"href":"https:\/\/www.sefareva.com\/wp-json\/wp\/v2\/users\/1"}],"replies":[{"embeddable":true,"href":"https:\/\/www.sefareva.com\/wp-json\/wp\/v2\/comments?post=18416"}],"version-history":[{"count":62,"href":"https:\/\/www.sefareva.com\/wp-json\/wp\/v2\/pages\/18416\/revisions"}],"predecessor-version":[{"id":23830,"href":"https:\/\/www.sefareva.com\/wp-json\/wp\/v2\/pages\/18416\/revisions\/23830"}],"wp:attachment":[{"href":"https:\/\/www.sefareva.com\/wp-json\/wp\/v2\/media?parent=18416"}],"curies":[{"name":"wp","href":"https:\/\/api.w.org\/{rel}","templated":true}]}}